{"id":1465,"date":"2021-06-15T14:32:59","date_gmt":"2021-06-15T14:32:59","guid":{"rendered":"https:\/\/econogas.freecoding.com\/?page_id=1465"},"modified":"2022-08-04T11:03:40","modified_gmt":"2022-08-04T11:03:40","slug":"order","status":"publish","type":"page","link":"https:\/\/econogas.ca\/fr\/order\/","title":{"rendered":"ORDRE"},"content":{"rendered":"<h2>COMMANDE<br \/> EN LIGNE DISPONIBLE<\/h2>\n<div>D\u00c9TAIL \u2013 COMMERCIAL \u2013 GROS \u2013 R\u00c9SIDENTIEL \u2013 LUBRIFIANTS<\/div>\n<div>Que vous soyez une station-service,<br \/>entreprise de construction, agriculteur local, camionnage<br \/> entreprise, consommateur r\u00e9sidentiel ou besoin\nles livraisons <br \/>roue \u00e0 roue sur les chantiers,<br \/>nous pouvons r\u00e9pondre \u00e0 tous vos besoins. <\/div>\n<div>877-27-ECONO<\/div>\n<h1>COMMANDER<\/h1>\n<div>Profitez d'un processus de commande, de livraison et de paiement en ligne rapide, transparent et sans probl\u00e8me.<\/div>\n<div>\n\n<div class=\"wpcf7 no-js\" id=\"wpcf7-f994-o1\" lang=\"en-US\" dir=\"ltr\" data-wpcf7-id=\"994\">\n<div class=\"screen-reader-response\"><p role=\"status\" aria-live=\"polite\" aria-atomic=\"true\"><\/p> <ul><\/ul><\/div>\n<form action=\"\/fr\/wp-json\/wp\/v2\/pages\/1465#wpcf7-f994-o1\" method=\"post\" class=\"wpcf7-form init\" aria-label=\"Contact form\" novalidate=\"novalidate\" data-status=\"init\" data-trp-original-action=\"\/fr\/wp-json\/wp\/v2\/pages\/1465#wpcf7-f994-o1\">\n<div style=\"display: none;\">\n<input type=\"hidden\" name=\"_wpcf7\" value=\"994\" \/>\n<input type=\"hidden\" name=\"_wpcf7_version\" value=\"6.0.5\" \/>\n<input type=\"hidden\" name=\"_wpcf7_locale\" value=\"en_US\" \/>\n<input type=\"hidden\" name=\"_wpcf7_unit_tag\" value=\"wpcf7-f994-o1\" \/>\n<input type=\"hidden\" name=\"_wpcf7_container_post\" value=\"0\" \/>\n<input type=\"hidden\" name=\"_wpcf7_posted_data_hash\" value=\"\" \/>\n<\/div>\n<h3 style=\"font-weight: bold; color: #FFFFFF;\"><br \/>\n\t<div class=\"clearfix\">\n\t\t<div id=\"left\">\n\t\t\t<p><label> Nom<br \/>\n<span class=\"wpcf7-form-control-wrap\" data-name=\"your-name\"><input size=\"40\" maxlength=\"400\" class=\"wpcf7-form-control wpcf7-text wpcf7-validates-as-required\" aria-required=\"true\" aria-invalid=\"false\" value=\"\" type=\"text\" name=\"your-name\" \/><\/span> <\/label>\n\t\t\t<\/p>\n\t\t\t<p><label> Email<br \/>\n<span class=\"wpcf7-form-control-wrap\" data-name=\"your-email\"><input size=\"40\" maxlength=\"400\" class=\"wpcf7-form-control wpcf7-email wpcf7-validates-as-required wpcf7-text wpcf7-validates-as-email\" aria-required=\"true\" aria-invalid=\"false\" value=\"\" type=\"email\" name=\"your-email\" \/><\/span> <\/label>\n\t\t\t<\/p>\n\t\t\t<p><label> Num\u00e9ro de t\u00e9l\u00e9phone<br \/>\n<span class=\"wpcf7-form-control-wrap\" data-name=\"phone-number\"><input size=\"40\" maxlength=\"400\" class=\"wpcf7-form-control wpcf7-tel wpcf7-validates-as-required wpcf7-text wpcf7-validates-as-tel\" aria-required=\"true\" aria-invalid=\"false\" value=\"\" type=\"tel\" name=\"phone-number\" \/><\/span> <\/label>\n\t\t\t<\/p>\n\t\t\t<p><label> Adresse<br \/>\n<span class=\"wpcf7-form-control-wrap\" data-name=\"address\"><input size=\"40\" maxlength=\"400\" class=\"wpcf7-form-control wpcf7-text wpcf7-validates-as-required\" aria-required=\"true\" aria-invalid=\"false\" value=\"\" type=\"text\" name=\"address\" \/><\/span> <\/label>\n\t\t\t<\/p>\n\t\t\t<p><label> Ville<br \/>\n<span class=\"wpcf7-form-control-wrap\" data-name=\"city\"><input size=\"40\" maxlength=\"400\" class=\"wpcf7-form-control wpcf7-text wpcf7-validates-as-required\" aria-required=\"true\" aria-invalid=\"false\" value=\"\" type=\"text\" name=\"city\" \/><\/span> <\/label>\n\t\t\t<\/p>\n\t\t\t<p><span id=\"wpcf7-6a045d3821dad-wrapper\" class=\"wpcf7-form-control-wrap honeypot-76-wrap\" style=\"display:none !important; visibility:hidden !important;\"><label for=\"wpcf7-6a045d3821dad-field\" class=\"hp-message\">Please leave this field empty.<\/label><input id=\"wpcf7-6a045d3821dad-field\"  class=\"wpcf7-form-control wpcf7-text\" type=\"text\" name=\"honeypot-76\" value=\"\" size=\"40\" tabindex=\"-1\" autocomplete=\"new-password\" \/><\/span>\n\t\t\t<\/p>\n\t\t<\/div>\n\t\t<div id=\"right\">\n\t\t\t<p><label> Code postal<br \/>\n<span class=\"wpcf7-form-control-wrap\" data-name=\"postal-code\"><input size=\"40\" maxlength=\"400\" class=\"wpcf7-form-control wpcf7-text wpcf7-validates-as-required\" aria-required=\"true\" aria-invalid=\"false\" value=\"\" type=\"text\" name=\"postal-code\" \/><\/span> <\/label>\n\t\t\t<\/p>\n\t\t\t<p><label> Num\u00e9ro de compte<br \/>\n<span class=\"wpcf7-form-control-wrap\" data-name=\"account-number\"><input size=\"40\" maxlength=\"400\" class=\"wpcf7-form-control wpcf7-text\" aria-invalid=\"false\" value=\"\" type=\"text\" name=\"account-number\" \/><\/span> <\/label>\n\t\t\t<\/p>\n\t\t\t<p><label> Produit et Quantit\u00e9<br \/>\n<span class=\"wpcf7-form-control-wrap\" data-name=\"product-and-quantity\"><textarea cols=\"40\" rows=\"10\" maxlength=\"2000\" class=\"wpcf7-form-control wpcf7-textarea\" aria-invalid=\"false\" name=\"product-and-quantity\"><\/textarea><\/span> <\/label>\n\t\t\t<\/p>\n\t\t<\/div>\n\t<\/div><br \/>\n<label> Votre message<br \/>\n<span class=\"wpcf7-form-control-wrap\" data-name=\"your-message\"><textarea cols=\"40\" rows=\"10\" maxlength=\"2000\" class=\"wpcf7-form-control wpcf7-textarea\" aria-invalid=\"false\" name=\"your-message\"><\/textarea><\/span> <\/label><br \/>\n<input class=\"wpcf7-form-control wpcf7-submit has-spinner uk-button\" type=\"submit\" value=\"NOUS FAIRE PARVENIR\" \/>\n<\/h3><div class=\"wpcf7-response-output\" aria-hidden=\"true\"><\/div>\n<input type=\"hidden\" name=\"trp-form-language\" value=\"fr\"\/><\/form>\n<\/div>\n<\/div>\n<p><!-- {\"type\":\"layout\",\"children\":[{\"type\":\"section\",\"props\":{\"style\":\"default\",\"width\":\"large\",\"vertical_align\":\"middle\",\"title_position\":\"top-left\",\"title_rotation\":\"left\",\"title_breakpoint\":\"xl\",\"image_position\":\"center-left\",\"image\":\"wp-content\\\/uploads\\\/2021\\\/09\\\/Ecno-Gas-online-order_221707885-.jpg\",\"image_size\":\"cover\",\"image_width\":\"2560\",\"title\":\"\",\"media_overlay\":\"rgba(11, 43, 77, 0.6)\",\"media_background\":\"rgba(8, 7, 7, 0)\"},\"children\":[{\"type\":\"row\",\"props\":{\"layout\":\"2-3,1-3\",\"margin\":\"xlarge\"},\"children\":[{\"type\":\"column\",\"props\":{\"image_position\":\"center-center\",\"media_overlay_gradient\":\"\",\"width_medium\":\"2-3\"},\"children\":[{\"type\":\"headline\",\"props\":{\"title_element\":\"h2\",\"content\":\"AVAILABLE<br \/> ONLINE ORDERING\",\"margin_remove_top\":true,\"text_align\":\"left\",\"text_align_breakpoint\":\"s\",\"text_align_fallback\":\"center\",\"title_color\":\"emphasis\",\"title_style\":\"heading-medium\"}},{\"name\":\"\",\"type\":\"headline\",\"props\":{\"title_element\":\"div\",\"content\":\"RETAIL - COMMERCIAL - WHOLESALE - RESIDENTIAL - LUBRICANTS\",\"title_style\":\"h3\",\"text_align\":\"left\",\"animation\":\"none\",\"margin\":\"remove-vertical\",\"margin_remove_top\":false,\"margin_remove_bottom\":false,\"title_color\":\"emphasis\",\"parallax_target\":false,\"parallax_y\":\"\",\"parallax_x\":\"\",\"parallax_opacity\":\"\",\"parallax_scale\":\"\",\"parallax_velocity\":\"\",\"parallax_y_end\":\"-50\",\"parallax_breakpoint\":\"s\"}},{\"type\":\"text\",\"props\":{\"margin\":\"default\",\"column_breakpoint\":\"m\",\"content\":\"Whether you are a retail service station,<br \/>construction company, local farmer, trucking<br \/> company, residential consumer or require <br \/>wheel to wheel deliveries at construction sites,<br \/>we can meet all your needs. \",\"text_align\":\"left\",\"text_align_breakpoint\":\"s\",\"text_align_fallback\":\"center\",\"text_style\":\"lead\",\"text_color\":\"emphasis\"}},{\"type\":\"headline\",\"props\":{\"title_element\":\"div\",\"content\":\"877-27-ECONO\",\"margin_remove_top\":true,\"text_align\":\"left\",\"text_align_breakpoint\":\"s\",\"text_align_fallback\":\"center\",\"title_style\":\"h2\",\"title_color\":\"danger\",\"animation\":\"slide-top-small\"}}]},{\"type\":\"column\",\"props\":{\"image_position\":\"center-center\",\"media_overlay_gradient\":\"\",\"width_medium\":\"1-3\",\"vertical_align\":\"middle\"},\"children\":[]}]}],\"name\":\"7.01 ORDER\",\"modified\":\"2021-11-21T00:58:49.228Z\"},{\"type\":\"section\",\"props\":{\"style\":\"muted\",\"width\":\"large\",\"vertical_align\":\"middle\",\"title_position\":\"top-left\",\"title_rotation\":\"left\",\"title_breakpoint\":\"xl\",\"image_position\":\"center-center\",\"padding\":\"small\"},\"children\":[{\"type\":\"row\",\"children\":[{\"type\":\"column\",\"props\":{\"image_position\":\"center-center\",\"media_overlay_gradient\":\"\"},\"children\":[{\"type\":\"headline\",\"props\":{\"title_element\":\"h1\",\"content\":\"PLACE AN ORDER\",\"margin\":\"small\",\"title_color\":\"emphasis\"}},{\"type\":\"text\",\"props\":{\"margin\":\"small\",\"column_breakpoint\":\"m\",\"content\":\"Enjoy fast, transparent and glitch-free online ordering, delivery and payment process.\",\"text_align\":\"left\",\"text_align_breakpoint\":\"s\",\"text_align_fallback\":\"center\",\"text_style\":\"lead\",\"text_color\":\"emphasis\"}},{\"type\":\"html\",\"props\":{\"content\":\"[contact-form-7 id=\\\"994\\\" title=\\\"Order\\\"]\"}}]}]}],\"modified\":\"2021-11-21T00:59:03.374Z\",\"name\":\"07.02. ORDER\"}],\"version\":\"2.3.30\"} --><\/p>","protected":false},"excerpt":{"rendered":"<p>AVAILABLE ONLINE ORDERING RETAIL &#8211; COMMERCIAL &#8211; WHOLESALE &#8211; RESIDENTIAL &#8211; LUBRICANTS Whether you are a retail service station,construction company, local farmer, trucking company, residential consumer or require wheel to wheel deliveries at construction sites,we can meet all your needs. 877-27-ECONO PLACE AN ORDER Enjoy fast, transparent and glitch-free online ordering, delivery and payment process.<\/p>","protected":false},"author":3,"featured_media":0,"parent":0,"menu_order":0,"comment_status":"closed","ping_status":"closed","template":"","meta":{"footnotes":""},"class_list":["post-1465","page","type-page","status-publish","hentry"],"yoast_head":"<!-- This site is optimized with the Yoast SEO plugin v24.8.1 - https:\/\/yoast.com\/wordpress\/plugins\/seo\/ -->\n<title>ORDER - Econogas<\/title>\n<meta name=\"robots\" content=\"index, follow, max-snippet:-1, max-image-preview:large, max-video-preview:-1\" \/>\n<link rel=\"canonical\" href=\"https:\/\/econogas.ca\/fr\/order\/\" \/>\n<meta property=\"og:locale\" content=\"fr_FR\" \/>\n<meta property=\"og:type\" content=\"article\" \/>\n<meta property=\"og:title\" content=\"ORDER - Econogas\" \/>\n<meta property=\"og:description\" content=\"AVAILABLE ONLINE ORDERING RETAIL &#8211; COMMERCIAL &#8211; WHOLESALE &#8211; RESIDENTIAL &#8211; LUBRICANTS Whether you are a retail service station,construction company, local farmer, trucking company, residential consumer or require wheel to wheel deliveries at construction sites,we can meet all your needs. 877-27-ECONO PLACE AN ORDER Enjoy fast, transparent and glitch-free online ordering, delivery and payment process.\" \/>\n<meta property=\"og:url\" content=\"https:\/\/econogas.ca\/fr\/order\/\" \/>\n<meta property=\"og:site_name\" content=\"Econogas\" \/>\n<meta property=\"article:publisher\" content=\"https:\/\/www.linkedin.com\/company\/econogas-ca\/\" \/>\n<meta property=\"article:modified_time\" content=\"2022-08-04T11:03:40+00:00\" \/>\n<meta name=\"twitter:card\" content=\"summary_large_image\" \/>\n<script type=\"application\/ld+json\" class=\"yoast-schema-graph\">{\"@context\":\"https:\/\/schema.org\",\"@graph\":[{\"@type\":\"WebPage\",\"@id\":\"https:\/\/econogas.ca\/order\/\",\"url\":\"https:\/\/econogas.ca\/order\/\",\"name\":\"ORDER - Econogas\",\"isPartOf\":{\"@id\":\"https:\/\/econogas.ca\/#website\"},\"datePublished\":\"2021-06-15T14:32:59+00:00\",\"dateModified\":\"2022-08-04T11:03:40+00:00\",\"breadcrumb\":{\"@id\":\"https:\/\/econogas.ca\/order\/#breadcrumb\"},\"inLanguage\":\"fr-FR\",\"potentialAction\":[{\"@type\":\"ReadAction\",\"target\":[\"https:\/\/econogas.ca\/order\/\"]}]},{\"@type\":\"BreadcrumbList\",\"@id\":\"https:\/\/econogas.ca\/order\/#breadcrumb\",\"itemListElement\":[{\"@type\":\"ListItem\",\"position\":1,\"name\":\"Home\",\"item\":\"https:\/\/econogas.ca\/\"},{\"@type\":\"ListItem\",\"position\":2,\"name\":\"ORDER\"}]},{\"@type\":\"WebSite\",\"@id\":\"https:\/\/econogas.ca\/#website\",\"url\":\"https:\/\/econogas.ca\/\",\"name\":\"Econogas\",\"description\":\"RELIABLE &amp; DEDICATED FUEL SUPPLY\",\"publisher\":{\"@id\":\"https:\/\/econogas.ca\/#organization\"},\"potentialAction\":[{\"@type\":\"SearchAction\",\"target\":{\"@type\":\"EntryPoint\",\"urlTemplate\":\"https:\/\/econogas.ca\/?s={search_term_string}\"},\"query-input\":{\"@type\":\"PropertyValueSpecification\",\"valueRequired\":true,\"valueName\":\"search_term_string\"}}],\"inLanguage\":\"fr-FR\"},{\"@type\":\"Organization\",\"@id\":\"https:\/\/econogas.ca\/#organization\",\"name\":\"Econogas\",\"url\":\"https:\/\/econogas.ca\/\",\"logo\":{\"@type\":\"ImageObject\",\"inLanguage\":\"fr-FR\",\"@id\":\"https:\/\/econogas.ca\/#\/schema\/logo\/image\/\",\"url\":\"https:\/\/econogas.ca\/wp-content\/uploads\/2023\/07\/econogas.png\",\"contentUrl\":\"https:\/\/econogas.ca\/wp-content\/uploads\/2023\/07\/econogas.png\",\"width\":180,\"height\":184,\"caption\":\"Econogas\"},\"image\":{\"@id\":\"https:\/\/econogas.ca\/#\/schema\/logo\/image\/\"},\"sameAs\":[\"https:\/\/www.linkedin.com\/company\/econogas-ca\/\"]}]}<\/script>\n<!-- \/ Yoast SEO plugin. -->","yoast_head_json":{"title":"ORDER - Econogas","robots":{"index":"index","follow":"follow","max-snippet":"max-snippet:-1","max-image-preview":"max-image-preview:large","max-video-preview":"max-video-preview:-1"},"canonical":"https:\/\/econogas.ca\/fr\/order\/","og_locale":"fr_FR","og_type":"article","og_title":"ORDER - Econogas","og_description":"AVAILABLE ONLINE ORDERING RETAIL &#8211; COMMERCIAL &#8211; WHOLESALE &#8211; RESIDENTIAL &#8211; LUBRICANTS Whether you are a retail service station,construction company, local farmer, trucking company, residential consumer or require wheel to wheel deliveries at construction sites,we can meet all your needs. 877-27-ECONO PLACE AN ORDER Enjoy fast, transparent and glitch-free online ordering, delivery and payment process.","og_url":"https:\/\/econogas.ca\/fr\/order\/","og_site_name":"Econogas","article_publisher":"https:\/\/www.linkedin.com\/company\/econogas-ca\/","article_modified_time":"2022-08-04T11:03:40+00:00","twitter_card":"summary_large_image","schema":{"@context":"https:\/\/schema.org","@graph":[{"@type":"WebPage","@id":"https:\/\/econogas.ca\/order\/","url":"https:\/\/econogas.ca\/order\/","name":"ORDER - Econogas","isPartOf":{"@id":"https:\/\/econogas.ca\/#website"},"datePublished":"2021-06-15T14:32:59+00:00","dateModified":"2022-08-04T11:03:40+00:00","breadcrumb":{"@id":"https:\/\/econogas.ca\/order\/#breadcrumb"},"inLanguage":"fr-FR","potentialAction":[{"@type":"ReadAction","target":["https:\/\/econogas.ca\/order\/"]}]},{"@type":"BreadcrumbList","@id":"https:\/\/econogas.ca\/order\/#breadcrumb","itemListElement":[{"@type":"ListItem","position":1,"name":"Home","item":"https:\/\/econogas.ca\/"},{"@type":"ListItem","position":2,"name":"ORDER"}]},{"@type":"WebSite","@id":"https:\/\/econogas.ca\/#website","url":"https:\/\/econogas.ca\/","name":"Econogas","description":"RELIABLE &amp; DEDICATED FUEL SUPPLY","publisher":{"@id":"https:\/\/econogas.ca\/#organization"},"potentialAction":[{"@type":"SearchAction","target":{"@type":"EntryPoint","urlTemplate":"https:\/\/econogas.ca\/?s={search_term_string}"},"query-input":{"@type":"PropertyValueSpecification","valueRequired":true,"valueName":"search_term_string"}}],"inLanguage":"fr-FR"},{"@type":"Organization","@id":"https:\/\/econogas.ca\/#organization","name":"Econogas","url":"https:\/\/econogas.ca\/","logo":{"@type":"ImageObject","inLanguage":"fr-FR","@id":"https:\/\/econogas.ca\/#\/schema\/logo\/image\/","url":"https:\/\/econogas.ca\/wp-content\/uploads\/2023\/07\/econogas.png","contentUrl":"https:\/\/econogas.ca\/wp-content\/uploads\/2023\/07\/econogas.png","width":180,"height":184,"caption":"Econogas"},"image":{"@id":"https:\/\/econogas.ca\/#\/schema\/logo\/image\/"},"sameAs":["https:\/\/www.linkedin.com\/company\/econogas-ca\/"]}]}},"_links":{"self":[{"href":"https:\/\/econogas.ca\/fr\/wp-json\/wp\/v2\/pages\/1465","targetHints":{"allow":["GET"]}}],"collection":[{"href":"https:\/\/econogas.ca\/fr\/wp-json\/wp\/v2\/pages"}],"about":[{"href":"https:\/\/econogas.ca\/fr\/wp-json\/wp\/v2\/types\/page"}],"author":[{"embeddable":true,"href":"https:\/\/econogas.ca\/fr\/wp-json\/wp\/v2\/users\/3"}],"replies":[{"embeddable":true,"href":"https:\/\/econogas.ca\/fr\/wp-json\/wp\/v2\/comments?post=1465"}],"version-history":[{"count":14,"href":"https:\/\/econogas.ca\/fr\/wp-json\/wp\/v2\/pages\/1465\/revisions"}],"predecessor-version":[{"id":3691,"href":"https:\/\/econogas.ca\/fr\/wp-json\/wp\/v2\/pages\/1465\/revisions\/3691"}],"wp:attachment":[{"href":"https:\/\/econogas.ca\/fr\/wp-json\/wp\/v2\/media?parent=1465"}],"curies":[{"name":"wp","href":"https:\/\/api.w.org\/{rel}","templated":true}]}}