{"id":222,"date":"2021-02-10T16:30:38","date_gmt":"2021-02-10T16:30:38","guid":{"rendered":"https:\/\/econogas.freecoding.com\/?page_id=222"},"modified":"2021-12-15T00:24:13","modified_gmt":"2021-12-15T00:24:13","slug":"about","status":"publish","type":"page","link":"https:\/\/econogas.ca\/fr\/about\/","title":{"rendered":"A PROPOS"},"content":{"rendered":"<div>PLUS DE 300 SITES <\/div>\n<h2>APPARTENANT \u00c0 LA FAMILLE <br \/>\nD\u00c9TAILLANT ET<br \/>GROSSISTE DE<br \/>PRODUITS \u00c0 ESSENCE<\/h2>\n<div>\n<p>Avec pr\u00e8s de trois d\u00e9cennies d'exp\u00e9rience, nous avons<br \/>nous sommes impos\u00e9s comme l'un des plus reconnaissables <br \/>et des fournisseurs ind\u00e9pendants de confiance <br \/>produits \u00e0 base d'essence au Canada.<\/p>\n<\/div>\n<p>\n    <a href=\"mailto:info@econogas.ca\">Nous contacter<\/a>\n<\/p>\n<h2>DEPUIS 1993, NOUS FOURNISSONS \u00c0 NOS CLIENTS \u00c0 TRAVERS LE CANADA LA MEILLEURE QUALIT\u00c9 DE L'ESSENCE.<\/h2>\n<div>\n<p>Que vous soyez une station-service, une entreprise de construction, un agriculteur local, une entreprise de camionnage<span class=\"Apple-converted-space\">\u00a0 <\/span>ou que vous ayez besoin de livraisons roue \u00e0 roue sur les chantiers de construction, nous pouvons r\u00e9pondre \u00e0 tous vos besoins.<span class=\"Apple-converted-space\">\u00a0<\/span><\/p>\n<\/div>\n<h2>ALIMENTATION EN CARBURANT S\u00dbRE ET EFFICACE<\/h2>\n<div>\n<p>Bas\u00e9e \u00e0 Ottawa, en Ontario, Econo Gas est un grossiste et d\u00e9taillant ind\u00e9pendant de produits d'essence aux entreprises et aux clients r\u00e9sidentiels \u00e0 travers le Canada. Nous sommes fiers d'offrir des solutions d'approvisionnement en carburant fiables et d\u00e9di\u00e9es pour diverses industries.<\/p>\n<\/div>\n<p><img decoding=\"async\" src=\"\/wp-content\/uploads\/2021\/11\/map-scaled.jpg\" alt=\"\"><\/p>\n<h2>Excellence professionnelle<\/h2>\n<h4>Econo Gas s'assurera que vous avez des produits d'essence lorsque vous en avez besoin. Nos professionnels, nos chauffeurs et nos techniciens permettent aux Canadiens de se d\u00e9placer d'un oc\u00e9an \u00e0 l'autre.<\/h4>\n<ul>\n<li>\n<h3>Meilleur \u00e9quipement<\/h3>\n<div>\n<p>Nous sommes fiers d'offrir les \u00e9quipements les plus r\u00e9cents et \u00e0 la fine pointe de la technologie pour servir nos clients.\u00a0<\/p>\n<\/div>\n<\/li>\n<li>\n<h3>Solutions de paiement intelligentes<\/h3>\n<div>\n<p>Faites-vous livrer du carburant automatiquement et p\u00e9riodiquement gr\u00e2ce \u00e0 des solutions de paiement flexibles. Payez dans le confort de votre entreprise, par t\u00e9l\u00e9phone ou ordinateur portable.<\/p>\n<\/div>\n<\/li>\n<\/ul>\n<h2>PROMOUVOIR L'EXCELLENCE<\/h2>\n<h2>Propri\u00e9t\u00e9 100% canadienne<\/h2>\n<div>\n<p>Nous honorons nos engagements et livrons comme promis.<\/p>\n<\/div>\n<hr>\n<h2>VALEURS &amp; PERSONNES<\/h2>\n<div>\n<p>Nous croyons que des valeurs fortes d\u00e9finissent qui nous sommes et <br \/>solidifier les fondations de notre entreprise.<\/p>\n<\/div>\n<h3>\n<p style=\"text-align: center;\">S\u00e9curit\u00e9 et professionnalisme<span class=\"Apple-converted-space\">\u00a0<\/span><\/h3>\n<div>\n<p style=\"text-align: justify;\">Nous accordons la priorit\u00e9 \u00e0 la s\u00e9curit\u00e9 dans toutes les activit\u00e9s et op\u00e9rations, au bien-\u00eatre et \u00e0 la s\u00e9curit\u00e9 des employ\u00e9s, ainsi qu'\u00e0 notre communaut\u00e9 d'entrepreneurs.<\/p>\n<p>Nous accueillons favorablement la croissance professionnelle et encourageons nos employ\u00e9s \u00e0 continuer d'am\u00e9liorer leurs comp\u00e9tences et leurs capacit\u00e9s.<\/p>\n<\/div>\n<h3>\n<p style=\"text-align: center;\">Inclusion et travail d'\u00e9quipe<span class=\"Apple-converted-space\">\u00a0<\/span><\/h3>\n<div>\n<p style=\"text-align: justify;\">Nous respectons l'individualit\u00e9 et appr\u00e9cions notre travail d'\u00e9quipe diversifi\u00e9, nos exp\u00e9riences, nos id\u00e9es et nos contributions. <\/p>\n<p>Nous appr\u00e9cions la culture polyvalente des communaut\u00e9s o\u00f9 nous op\u00e9rons.<\/p>\n<\/div>\n<p><!-- {\"name\":\"About\",\"type\":\"layout\",\"children\":[{\"type\":\"section\",\"props\":{\"style\":\"default\",\"width\":\"large\",\"vertical_align\":\"middle\",\"title_position\":\"top-left\",\"title_rotation\":\"left\",\"title_breakpoint\":\"xl\",\"image_position\":\"center-center\",\"image\":\"wp-content\\\/uploads\\\/2021\\\/09\\\/1-econogas-branded-_470170238_1-scaled.jpg\",\"image_size\":\"cover\",\"animation\":\"fade\",\"title\":\"\",\"media_overlay\":\"rgba(10, 10, 17, 0.5)\"},\"children\":[{\"type\":\"row\",\"props\":{\"layout\":\"2-3,1-3\",\"margin\":\"xlarge\"},\"children\":[{\"type\":\"column\",\"props\":{\"image_position\":\"center-center\",\"media_overlay_gradient\":\"\",\"width_medium\":\"2-3\"},\"children\":[{\"type\":\"headline\",\"props\":{\"title_element\":\"div\",\"content\":\"OVER 300 LOCATIONS \",\"margin_remove_top\":true,\"text_align\":\"left\",\"text_align_fallback\":\"center\",\"title_style\":\"h4\",\"title_color\":\"danger\",\"animation\":\"slide-top-small\"}},{\"type\":\"headline\",\"props\":{\"title_element\":\"h2\",\"content\":\"FAMILY OWNED <br \/>\\nRETAILER AND<br \/>WHOLESALER OF<br \/>GASOLINE PRODUCTS\",\"margin_remove_top\":true,\"text_align\":\"left\",\"text_align_fallback\":\"center\",\"title_color\":\"emphasis\",\"title_style\":\"heading-medium\"}},{\"type\":\"text\",\"props\":{\"margin\":\"default\",\"column_breakpoint\":\"m\",\"content\":\"\n\n<p>With almost three decades of experience, we have<br \\\/>established ourselves as one of the most recognizable <br \\\/>and trusted independent providers of <br \\\/>gasoline products in Canada.<\\\/p>\",\"text_align\":\"left\",\"text_align_fallback\":\"center\",\"text_style\":\"lead\",\"text_color\":\"emphasis\"}},{\"type\":\"button\",\"props\":{\"grid_column_gap\":\"small\",\"grid_row_gap\":\"small\",\"margin\":\"medium\",\"text_align\":\"left\",\"text_align_fallback\":\"center\",\"animation\":\"slide-bottom-small\"},\"children\":[{\"type\":\"button_item\",\"props\":{\"button_style\":\"primary\",\"icon_align\":\"left\",\"content\":\"Contact Us\",\"link\":\"mailto:info@econogas.ca\"}}]}]},{\"type\":\"column\",\"props\":{\"image_position\":\"center-center\",\"media_overlay_gradient\":\"\",\"width_medium\":\"1-3\",\"vertical_align\":\"middle\"},\"children\":[]}]}],\"name\":\"08 01. ABOUT US  BANNER\",\"modified\":\"2021-06-18T16:30:18.571Z\"},{\"name\":\"RED BAR 12.11.2021. \",\"type\":\"section\",\"props\":{\"style\":\"primary\",\"width\":\"large\",\"image_position\":\"bottom-right\",\"animation\":\"fade\",\"animation_delay\":false,\"image\":\"\",\"vertical_align\":\"middle\",\"title_position\":\"top-left\",\"title_rotation\":\"left\",\"title_breakpoint\":\"xl\",\"padding_remove_top\":false,\"padding\":\"small\"},\"children\":[{\"name\":\"\",\"type\":\"row\",\"props\":{\"layout\":\"1-2,1-2\",\"column_gap\":\"large\",\"row_gap\":\"large\"},\"children\":[{\"name\":\"\",\"type\":\"column\",\"props\":{\"image_position\":\"center-center\",\"media_overlay_gradient\":\"\",\"width_medium\":\"1-2\"},\"children\":[{\"name\":\"\",\"type\":\"headline\",\"props\":{\"title_element\":\"h2\",\"content\":\"SINCE 1993, WE\\u2019VE BEEN\\u00a0PROVIDING OUR CUSTOMERS ACROSS CANADA WITH THE BEST QUALITY GASOLINE.\",\"title_style\":\"h3\",\"maxwidth\":\"xlarge\",\"title_color\":\"emphasis\"}},{\"name\":\"\",\"type\":\"text\",\"props\":{\"column_breakpoint\":\"m\",\"margin\":\"medium\",\"content\":\"\n\n<p>Whether you are a retail service station, construction company, local farmer, trucking company<span class=\\\"Apple-converted-space\\\">\\u00a0 <\\\/span>or require wheel to wheel deliveries at construction sites, we can meet all your needs.<span class=\\\"Apple-converted-space\\\">\\u00a0<\\\/span><\\\/p>\",\"text_color\":\"emphasis\"}}]},{\"name\":\"\",\"type\":\"column\",\"props\":{\"image_position\":\"center-center\",\"media_overlay_gradient\":\"\",\"width_medium\":\"1-2\"},\"children\":[{\"name\":\"\",\"type\":\"headline\",\"props\":{\"title_element\":\"h2\",\"content\":\"SAFE AND EFFICIENT FUEL SUPPLY\",\"title_style\":\"h3\",\"maxwidth\":\"xlarge\",\"title_color\":\"emphasis\"}},{\"name\":\"\",\"type\":\"text\",\"props\":{\"column_breakpoint\":\"m\",\"margin\":\"medium\",\"content\":\"\n\n<p>Headquartered in Ottawa, Ontario, Econo Gas is an Independent\\u00a0Wholesaler and Retailer of Gasoline Product\\u00a0to companies and residential customers across Canada. We are proud to offer reliable and dedicated fuel supply solutions for various industries.<\\\/p>\",\"text_color\":\"emphasis\"}}]}]}],\"modified\":\"2021-11-12T20:02:48.732Z\"},{\"type\":\"section\",\"props\":{\"style\":\"default\",\"width\":\"large\",\"vertical_align\":\"middle\",\"title_position\":\"top-left\",\"title_rotation\":\"left\",\"title_breakpoint\":\"xl\",\"image_position\":\"top-right\",\"image\":\"\",\"image_effect\":\"parallax\",\"padding_remove_bottom\":false,\"padding_remove_top\":false,\"image_width\":\"650\",\"image_parallax_bgy_start\":\"-15vh\",\"image_parallax_bgy_end\":\"-30vh\",\"media_visibility\":\"m\",\"padding\":\"small\"},\"children\":[{\"type\":\"row\",\"props\":{\"layout\":\"1-2,1-2\",\"margin_remove_bottom\":false},\"children\":[{\"type\":\"column\",\"props\":{\"image_position\":\"center-center\",\"media_overlay_gradient\":\"\",\"vertical_align\":\"middle\",\"padding\":\"none\",\"width_medium\":\"1-2\"},\"children\":[{\"type\":\"image\",\"props\":{\"margin\":\"default\",\"image_svg_color\":\"emphasis\",\"image\":\"wp-content\\\/uploads\\\/2021\\\/11\\\/map-scaled.jpg\"}}]},{\"type\":\"column\",\"props\":{\"image_position\":\"top-left\",\"media_overlay_gradient\":\"\",\"padding\":\"large\",\"image\":\"\",\"width_medium\":\"1-2\"},\"children\":[{\"type\":\"headline\",\"props\":{\"title_element\":\"h2\",\"title_style\":\"heading-small\",\"maxwidth_breakpoint\":\"s\",\"text_align\":\"left\",\"text_align_breakpoint\":\"m\",\"text_align_fallback\":\"center\",\"content\":\"Professional excellence\",\"parallax_breakpoint\":\"s\"}},{\"type\":\"headline\",\"props\":{\"title_element\":\"h4\",\"title_style\":\"h3\",\"maxwidth_breakpoint\":\"s\",\"text_align\":\"left\",\"text_align_breakpoint\":\"m\",\"text_align_fallback\":\"center\",\"content\":\"Econo Gas will make sure you have gasoline products when you need them. Our professionals, drivers, and technicians keep Canadians moving coast to coast.\",\"parallax_breakpoint\":\"s\",\"title_color\":\"success\"}},{\"type\":\"grid\",\"props\":{\"show_title\":true,\"show_meta\":true,\"show_content\":true,\"show_image\":true,\"show_link\":true,\"grid_default\":\"1\",\"grid_medium\":\"\",\"filter_style\":\"tab\",\"filter_all\":true,\"filter_position\":\"top\",\"filter_align\":\"left\",\"filter_grid_width\":\"auto\",\"title_hover_style\":\"reset\",\"title_element\":\"h3\",\"title_align\":\"top\",\"title_grid_width\":\"1-2\",\"meta_style\":\"meta\",\"meta_align\":\"below-title\",\"icon_ratio\":\"\",\"image_align\":\"top\",\"image_grid_width\":\"1-5\",\"image_svg_color\":\"primary\",\"link_text\":\"Read more\",\"link_style\":\"default\",\"margin\":\"large\",\"item_animation\":true,\"grid_small\":\"2\",\"title_style\":\"h5\",\"content_margin\":\"small\",\"text_align\":\"left\",\"text_align_breakpoint\":\"m\",\"text_align_fallback\":\"center\",\"image_vertical_align\":false,\"image_svg_inline\":true,\"image_svg_animate\":false,\"filter_grid_breakpoint\":\"m\",\"title_grid_breakpoint\":\"m\",\"image_grid_column_gap\":\"medium\",\"image_grid_row_gap\":\"medium\",\"image_grid_breakpoint\":\"l\",\"meta_element\":\"div\",\"content_column_breakpoint\":\"m\",\"icon_width\":\"40\",\"icon_color\":\"warning\"},\"children\":[{\"type\":\"grid_item\",\"props\":{\"title\":\"Best equipment\",\"image\":\"\",\"content\":\"\n\n<p>We proudly offer the latest, state-of-the-art equipment in servicing customers.\\u00a0<\\\/p>\",\"icon\":\"nut\"}},{\"type\":\"grid_item\",\"props\":{\"title\":\"Smart payment solutions\",\"image\":\"\",\"content\":\"\n\n<p>Get fuel delivered automatically and periodically using flexible payment solutions. Pay from the comfort of your business, via phone or laptop.<\\\/p>\",\"icon\":\"credit-card\"}}],\"name\":\"\"}]}]}],\"name\":\"08 03. ABOUT US  MAP ENJOY THE CONFORTS\",\"modified\":\"2021-06-18T16:32:09.452Z\"},{\"name\":\"08 06. ABOUT US  JOIN OUR PARTNER NETWORK\",\"type\":\"section\",\"props\":{\"style\":\"muted\",\"width\":\"large\",\"image_position\":\"bottom-right\",\"animation\":\"fade\",\"animation_delay\":false,\"image\":\"wp-content\\\/uploads\\\/2021\\\/12\\\/econogas-canada--scaled-e1639527692523.jpg\",\"vertical_align\":\"middle\",\"title_position\":\"top-left\",\"title_rotation\":\"left\",\"title_breakpoint\":\"xl\",\"padding_remove_top\":false,\"media_overlay\":\"rgba(146, 23, 16, 0.84)\",\"padding\":\"small\",\"image_size\":\"cover\"},\"children\":[{\"name\":\"\",\"type\":\"row\",\"props\":{\"layout\":\"1-2,1-2\",\"column_gap\":\"large\",\"row_gap\":\"large\"},\"children\":[{\"name\":\"\",\"type\":\"column\",\"props\":{\"image_position\":\"center-center\",\"media_overlay_gradient\":\"\",\"width_medium\":\"1-2\"},\"children\":[{\"name\":\"\",\"type\":\"headline\",\"props\":{\"title_element\":\"h2\",\"content\":\"PROMOTING EXCELLENCE\",\"title_style\":\"h1\",\"maxwidth\":\"xlarge\",\"title_color\":\"emphasis\"}},{\"name\":\"\",\"type\":\"headline\",\"props\":{\"title_element\":\"h2\",\"content\":\"100% Canadian Owned\",\"title_style\":\"h3\",\"maxwidth\":\"xlarge\",\"title_color\":\"emphasis\",\"margin_remove_top\":true}}]},{\"name\":\"\",\"type\":\"column\",\"props\":{\"image_position\":\"center-center\",\"media_overlay_gradient\":\"\",\"width_medium\":\"1-2\"},\"children\":[{\"name\":\"\",\"type\":\"text\",\"props\":{\"column_breakpoint\":\"m\",\"margin\":\"medium\",\"content\":\"\n\n<p>We honor our commitments and deliver as promised.<\\\/p>\",\"text_style\":\"lead\",\"text_color\":\"emphasis\"}},{\"type\":\"divider\",\"props\":{\"divider_element\":\"hr\",\"divider_style\":\"small\"}}]}]}],\"modified\":\"2021-06-18T16:43:37.024Z\"},{\"name\":\"xxxxxx\",\"type\":\"section\",\"props\":{\"style\":\"primary\",\"width\":\"default\",\"image_position\":\"center-center\",\"padding\":\"large\",\"animation\":\"fade\",\"padding_remove_bottom\":false,\"vertical_align\":\"middle\",\"title_position\":\"top-left\",\"title_rotation\":\"left\",\"title_breakpoint\":\"xl\",\"image\":\"wp-content\\\/uploads\\\/2021\\\/11\\\/eacono-gas-collaboration506137132.jpg\",\"media_overlay\":\"rgba(52, 56, 63, 0.48)\",\"overlap\":false,\"image_size\":\"cover\"},\"children\":[{\"name\":\"\",\"type\":\"row\",\"children\":[{\"name\":\"\",\"type\":\"column\",\"props\":{\"image_position\":\"center-center\",\"media_overlay_gradient\":\"\",\"width_medium\":\"1-1\"},\"children\":[{\"name\":\"\",\"type\":\"headline\",\"props\":{\"title_element\":\"h2\",\"content\":\"VALUES & PEOPLE\",\"text_align\":\"center\",\"title_style\":\"heading-medium\"}}]}]},{\"name\":\"\",\"type\":\"row\",\"props\":{\"width\":\"small\"},\"children\":[{\"name\":\"\",\"type\":\"column\",\"props\":{\"image_position\":\"center-center\",\"media_overlay_gradient\":\"\",\"width_medium\":\"1-1\"},\"children\":[{\"name\":\"\",\"type\":\"text\",\"props\":{\"column_breakpoint\":\"m\",\"margin\":\"default\",\"content\":\"\n\n<p>We believe that strong values define who we are and <br \\\/>solidify the foundation of our business.<\\\/p>\",\"text_align\":\"center\",\"maxwidth\":\"xlarge\",\"block_align\":\"center\",\"text_style\":\"lead\",\"text_color\":\"secondary\"}}]}]},{\"name\":\"\",\"type\":\"row\",\"props\":{\"layout\":\"1-2,1-2\",\"width\":\"small\",\"divider\":true,\"margin\":\"large\"},\"children\":[{\"name\":\"\",\"type\":\"column\",\"props\":{\"image_position\":\"center-center\",\"media_overlay_gradient\":\"\",\"width_small\":\"1-2\",\"width_medium\":\"1-2\"},\"children\":[{\"name\":\"\",\"type\":\"headline\",\"props\":{\"title_element\":\"h3\",\"title_style\":\"h3\",\"title_color\":\"emphasis\",\"content\":\"\n\n<p style=\\\"text-align: center;\\\">Safety & Professionalism<span class=\\\"Apple-converted-space\\\">\\u00a0<\\\/span>\",\"text_align\":\"center\"}},{\"name\":\"\",\"type\":\"text\",\"props\":{\"column_breakpoint\":\"m\",\"margin\":\"default\",\"content\":\"\n\n<p style=\\\"text-align: justify;\\\">We prioritize safety in all activities and operations, the well-being and safety of employees, as well as our contractor community.<br \\\/><br \\\/>We welcome professional growth and stimulate our employees to keep elevating their skills and capacities.<\\\/p>\",\"text_align\":\"center\",\"text_color\":\"emphasis\"}}]},{\"name\":\"\",\"type\":\"column\",\"props\":{\"image_position\":\"center-center\",\"media_overlay_gradient\":\"\",\"width_small\":\"1-2\",\"width_medium\":\"1-2\"},\"children\":[{\"name\":\"\",\"type\":\"headline\",\"props\":{\"title_element\":\"h3\",\"title_style\":\"h3\",\"title_color\":\"emphasis\",\"content\":\"\n\n<p style=\\\"text-align: center;\\\">Inclusion & Teamwork<span class=\\\"Apple-converted-space\\\">\\u00a0<\\\/span>\",\"text_align\":\"center\"}},{\"name\":\"\",\"type\":\"text\",\"props\":{\"column_breakpoint\":\"m\",\"margin\":\"default\",\"content\":\"\n\n<p style=\\\"text-align: justify;\\\">We respect individuality and value our diverse teamwork, experiences, ideas, and contributions. <br \\\/><br \\\/><br \\\/>We appreciate the versatile culture in the communities, where we operate.<\\\/p>\",\"text_align\":\"center\",\"text_color\":\"secondary\"}}]}]}],\"modified\":\"2021-11-09T03:52:32.179Z\"}],\"version\":\"2.3.30\"} --><\/p>","protected":false},"excerpt":{"rendered":"<p>OVER 300 LOCATIONS FAMILY OWNED RETAILER ANDWHOLESALER OFGASOLINE PRODUCTS With almost three decades of experience, we haveestablished ourselves as one of the most recognizable and trusted independent providers of gasoline products in Canada. Contact Us SINCE 1993, WE\u2019VE BEEN\u00a0PROVIDING OUR CUSTOMERS ACROSS CANADA WITH THE BEST QUALITY GASOLINE. Whether you are a retail service station, [&hellip;]<\/p>","protected":false},"author":3,"featured_media":0,"parent":0,"menu_order":0,"comment_status":"closed","ping_status":"closed","template":"","meta":{"footnotes":""},"class_list":["post-222","page","type-page","status-publish","hentry"],"yoast_head":"<!-- This site is optimized with the Yoast SEO plugin v24.8.1 - https:\/\/yoast.com\/wordpress\/plugins\/seo\/ -->\n<title>ABOUT - Econogas<\/title>\n<meta name=\"robots\" content=\"index, follow, max-snippet:-1, max-image-preview:large, max-video-preview:-1\" \/>\n<link rel=\"canonical\" href=\"https:\/\/econogas.ca\/fr\/about\/\" \/>\n<meta property=\"og:locale\" content=\"fr_FR\" \/>\n<meta property=\"og:type\" content=\"article\" \/>\n<meta property=\"og:title\" content=\"ABOUT - Econogas\" \/>\n<meta property=\"og:description\" content=\"OVER 300 LOCATIONS FAMILY OWNED RETAILER ANDWHOLESALER OFGASOLINE PRODUCTS With almost three decades of experience, we haveestablished ourselves as one of the most recognizable and trusted independent providers of gasoline products in Canada. Contact Us SINCE 1993, WE\u2019VE BEEN\u00a0PROVIDING OUR CUSTOMERS ACROSS CANADA WITH THE BEST QUALITY GASOLINE. Whether you are a retail service station, [&hellip;]\" \/>\n<meta property=\"og:url\" content=\"https:\/\/econogas.ca\/fr\/about\/\" \/>\n<meta property=\"og:site_name\" content=\"Econogas\" \/>\n<meta property=\"article:publisher\" content=\"https:\/\/www.linkedin.com\/company\/econogas-ca\/\" \/>\n<meta property=\"article:modified_time\" content=\"2021-12-15T00:24:13+00:00\" \/>\n<meta property=\"og:image\" content=\"https:\/\/econogas.ca\/wp-content\/uploads\/2021\/11\/map-scaled.jpg\" \/>\n<meta name=\"twitter:card\" content=\"summary_large_image\" \/>\n<meta name=\"twitter:label1\" content=\"Dur\u00e9e de lecture estim\u00e9e\" \/>\n\t<meta name=\"twitter:data1\" content=\"1 minute\" \/>\n<script type=\"application\/ld+json\" class=\"yoast-schema-graph\">{\"@context\":\"https:\/\/schema.org\",\"@graph\":[{\"@type\":\"WebPage\",\"@id\":\"https:\/\/econogas.ca\/about\/\",\"url\":\"https:\/\/econogas.ca\/about\/\",\"name\":\"ABOUT - Econogas\",\"isPartOf\":{\"@id\":\"https:\/\/econogas.ca\/#website\"},\"datePublished\":\"2021-02-10T16:30:38+00:00\",\"dateModified\":\"2021-12-15T00:24:13+00:00\",\"breadcrumb\":{\"@id\":\"https:\/\/econogas.ca\/about\/#breadcrumb\"},\"inLanguage\":\"fr-FR\",\"potentialAction\":[{\"@type\":\"ReadAction\",\"target\":[\"https:\/\/econogas.ca\/about\/\"]}]},{\"@type\":\"BreadcrumbList\",\"@id\":\"https:\/\/econogas.ca\/about\/#breadcrumb\",\"itemListElement\":[{\"@type\":\"ListItem\",\"position\":1,\"name\":\"Home\",\"item\":\"https:\/\/econogas.ca\/\"},{\"@type\":\"ListItem\",\"position\":2,\"name\":\"ABOUT\"}]},{\"@type\":\"WebSite\",\"@id\":\"https:\/\/econogas.ca\/#website\",\"url\":\"https:\/\/econogas.ca\/\",\"name\":\"Econogas\",\"description\":\"RELIABLE &amp; DEDICATED FUEL SUPPLY\",\"publisher\":{\"@id\":\"https:\/\/econogas.ca\/#organization\"},\"potentialAction\":[{\"@type\":\"SearchAction\",\"target\":{\"@type\":\"EntryPoint\",\"urlTemplate\":\"https:\/\/econogas.ca\/?s={search_term_string}\"},\"query-input\":{\"@type\":\"PropertyValueSpecification\",\"valueRequired\":true,\"valueName\":\"search_term_string\"}}],\"inLanguage\":\"fr-FR\"},{\"@type\":\"Organization\",\"@id\":\"https:\/\/econogas.ca\/#organization\",\"name\":\"Econogas\",\"url\":\"https:\/\/econogas.ca\/\",\"logo\":{\"@type\":\"ImageObject\",\"inLanguage\":\"fr-FR\",\"@id\":\"https:\/\/econogas.ca\/#\/schema\/logo\/image\/\",\"url\":\"https:\/\/econogas.ca\/wp-content\/uploads\/2023\/07\/econogas.png\",\"contentUrl\":\"https:\/\/econogas.ca\/wp-content\/uploads\/2023\/07\/econogas.png\",\"width\":180,\"height\":184,\"caption\":\"Econogas\"},\"image\":{\"@id\":\"https:\/\/econogas.ca\/#\/schema\/logo\/image\/\"},\"sameAs\":[\"https:\/\/www.linkedin.com\/company\/econogas-ca\/\"]}]}<\/script>\n<!-- \/ Yoast SEO plugin. -->","yoast_head_json":{"title":"ABOUT - Econogas","robots":{"index":"index","follow":"follow","max-snippet":"max-snippet:-1","max-image-preview":"max-image-preview:large","max-video-preview":"max-video-preview:-1"},"canonical":"https:\/\/econogas.ca\/fr\/about\/","og_locale":"fr_FR","og_type":"article","og_title":"ABOUT - Econogas","og_description":"OVER 300 LOCATIONS FAMILY OWNED RETAILER ANDWHOLESALER OFGASOLINE PRODUCTS With almost three decades of experience, we haveestablished ourselves as one of the most recognizable and trusted independent providers of gasoline products in Canada. Contact Us SINCE 1993, WE\u2019VE BEEN\u00a0PROVIDING OUR CUSTOMERS ACROSS CANADA WITH THE BEST QUALITY GASOLINE. Whether you are a retail service station, [&hellip;]","og_url":"https:\/\/econogas.ca\/fr\/about\/","og_site_name":"Econogas","article_publisher":"https:\/\/www.linkedin.com\/company\/econogas-ca\/","article_modified_time":"2021-12-15T00:24:13+00:00","og_image":[{"url":"https:\/\/econogas.ca\/wp-content\/uploads\/2021\/11\/map-scaled.jpg","type":"","width":"","height":""}],"twitter_card":"summary_large_image","twitter_misc":{"Dur\u00e9e de lecture estim\u00e9e":"1 minute"},"schema":{"@context":"https:\/\/schema.org","@graph":[{"@type":"WebPage","@id":"https:\/\/econogas.ca\/about\/","url":"https:\/\/econogas.ca\/about\/","name":"ABOUT - Econogas","isPartOf":{"@id":"https:\/\/econogas.ca\/#website"},"datePublished":"2021-02-10T16:30:38+00:00","dateModified":"2021-12-15T00:24:13+00:00","breadcrumb":{"@id":"https:\/\/econogas.ca\/about\/#breadcrumb"},"inLanguage":"fr-FR","potentialAction":[{"@type":"ReadAction","target":["https:\/\/econogas.ca\/about\/"]}]},{"@type":"BreadcrumbList","@id":"https:\/\/econogas.ca\/about\/#breadcrumb","itemListElement":[{"@type":"ListItem","position":1,"name":"Home","item":"https:\/\/econogas.ca\/"},{"@type":"ListItem","position":2,"name":"ABOUT"}]},{"@type":"WebSite","@id":"https:\/\/econogas.ca\/#website","url":"https:\/\/econogas.ca\/","name":"Econogas","description":"RELIABLE &amp; DEDICATED FUEL SUPPLY","publisher":{"@id":"https:\/\/econogas.ca\/#organization"},"potentialAction":[{"@type":"SearchAction","target":{"@type":"EntryPoint","urlTemplate":"https:\/\/econogas.ca\/?s={search_term_string}"},"query-input":{"@type":"PropertyValueSpecification","valueRequired":true,"valueName":"search_term_string"}}],"inLanguage":"fr-FR"},{"@type":"Organization","@id":"https:\/\/econogas.ca\/#organization","name":"Econogas","url":"https:\/\/econogas.ca\/","logo":{"@type":"ImageObject","inLanguage":"fr-FR","@id":"https:\/\/econogas.ca\/#\/schema\/logo\/image\/","url":"https:\/\/econogas.ca\/wp-content\/uploads\/2023\/07\/econogas.png","contentUrl":"https:\/\/econogas.ca\/wp-content\/uploads\/2023\/07\/econogas.png","width":180,"height":184,"caption":"Econogas"},"image":{"@id":"https:\/\/econogas.ca\/#\/schema\/logo\/image\/"},"sameAs":["https:\/\/www.linkedin.com\/company\/econogas-ca\/"]}]}},"_links":{"self":[{"href":"https:\/\/econogas.ca\/fr\/wp-json\/wp\/v2\/pages\/222","targetHints":{"allow":["GET"]}}],"collection":[{"href":"https:\/\/econogas.ca\/fr\/wp-json\/wp\/v2\/pages"}],"about":[{"href":"https:\/\/econogas.ca\/fr\/wp-json\/wp\/v2\/types\/page"}],"author":[{"embeddable":true,"href":"https:\/\/econogas.ca\/fr\/wp-json\/wp\/v2\/users\/3"}],"replies":[{"embeddable":true,"href":"https:\/\/econogas.ca\/fr\/wp-json\/wp\/v2\/comments?post=222"}],"version-history":[{"count":403,"href":"https:\/\/econogas.ca\/fr\/wp-json\/wp\/v2\/pages\/222\/revisions"}],"predecessor-version":[{"id":3675,"href":"https:\/\/econogas.ca\/fr\/wp-json\/wp\/v2\/pages\/222\/revisions\/3675"}],"wp:attachment":[{"href":"https:\/\/econogas.ca\/fr\/wp-json\/wp\/v2\/media?parent=222"}],"curies":[{"name":"wp","href":"https:\/\/api.w.org\/{rel}","templated":true}]}}